{"id":394,"date":"2022-05-12T14:00:03","date_gmt":"2022-05-12T12:00:03","guid":{"rendered":"http:\/\/www.autoconscienciacoach.com\/?page_id=394"},"modified":"2022-05-12T14:02:57","modified_gmt":"2022-05-12T12:02:57","slug":"politica-de-privacidad","status":"publish","type":"page","link":"https:\/\/www.autoconscienciacoach.com\/index.php\/politica-de-privacidad\/","title":{"rendered":"POL\u00cdTICA DE PRIVACIDAD"},"content":{"rendered":"\t\t<div data-elementor-type=\"wp-page\" data-elementor-id=\"394\" class=\"elementor elementor-394\">\n\t\t\t\t\t\t<section class=\"elementor-section elementor-top-section elementor-element elementor-element-3650bf4 elementor-section-full_width elementor-section-height-default elementor-section-height-default\" data-id=\"3650bf4\" data-element_type=\"section\" data-e-type=\"section\">\n\t\t\t\t\t\t<div class=\"elementor-container elementor-column-gap-default\">\n\t\t\t\t\t<div class=\"elementor-column elementor-col-100 elementor-top-column elementor-element elementor-element-112ad44\" data-id=\"112ad44\" data-element_type=\"column\" data-e-type=\"column\">\n\t\t\t<div class=\"elementor-widget-wrap elementor-element-populated\">\n\t\t\t\t\t\t<div class=\"elementor-element elementor-element-7373ab4 elementor-widget elementor-widget-text-editor\" data-id=\"7373ab4\" data-element_type=\"widget\" data-e-type=\"widget\" data-widget_type=\"text-editor.default\">\n\t\t\t\t<div class=\"elementor-widget-container\">\n\t\t\t\t\t\t\t\t\t<p><span style=\"color: #54668e;\">En autoconscienciacoach.com aseguramos la total protecci\u00f3n de los datos de car\u00e1cter personal proporcionados por nuestros clientes y\/o usuarios.<\/span><\/p><p><span style=\"color: #54668e;\">JULIA URBANEJA CAFFARENA, en adelante El PRESTADOR, respetar\u00e1 en todo momento la confidencialidad de los datos de los clientes y\/o usuarios, conforme a lo dispuesto en la Ley Org\u00e1nica 15\/1999, de 13 de diciembre, de Protecci\u00f3n de Datos de Car\u00e1cter Personal.<\/span><\/p><p><span style=\"color: #54668e;\">El PRESTADOR tiene implementadas todas las medidas de seguridad establecidas en el Real Decreto 1720\/2007, de 21 de diciembre, por el que se aprueba el Reglamento de Desarrollo de la Ley Org\u00e1nica 15\/1999, de 13 de diciembre, de Protecci\u00f3n de Datos de Car\u00e1cter Personal.<\/span><\/p><p><span style=\"color: #54668e;\"><strong>DATOS PERSONALES QUE RECOGEMOS Y TRATAMOS<\/strong><\/span><\/p><p><span style=\"color: #54668e;\"><strong>\u00a0<\/strong><\/span><\/p><p><span style=\"color: #54668e;\">En el sitio web autoconscienciacoach.com \u00a0recogemos y tratamos los siguientes datos de car\u00e1cter personal de los USUARIOS:<\/span><\/p><p><span style=\"color: #54668e;\"><strong><u>\u00a0<\/u><\/strong><\/span><\/p><p><span style=\"color: #54668e;\"><strong><u>Formulario Contacto<\/u><\/strong><\/span><\/p><p><span style=\"color: #54668e;\"><strong>\u00a0<\/strong><\/span><\/p><p><span style=\"color: #54668e;\">Finalidad: Contactar y realizar consultas al PRESTADOR.<\/span><\/p><p><span style=\"color: #54668e;\">M\u00e9todo: Para ello se requiere que el USUARIO introduzca su nombre (campo obligatorio), tel\u00e9fono (campo obligatorio), correo electr\u00f3nico (campo obligatorio) y mensaje (campo obligatorio) y pinche en la casilla He le\u00eddo y acepto el Aviso Legal y la Pol\u00edtica de Privacidad y haga clic en el bot\u00f3n Contactar. La direcci\u00f3n de correo electr\u00f3nico del USUARIO no ser\u00e1 publicada.<\/span><\/p><p><span style=\"color: #54668e;\"><strong><u>\u00a0<\/u><\/strong><\/span><\/p><p><span style=\"color: #54668e;\"><strong><u>Formulario Bolet\u00edn Noticias<\/u><\/strong><\/span><\/p><p><span style=\"color: #54668e;\"><strong><u>\u00a0<\/u><\/strong><\/span><\/p><p><span style=\"color: #54668e;\">Finalidad: Recibir todas las noticias y novedades del sitio web.<\/span><\/p><p><span style=\"color: #54668e;\">M\u00e9todo: Para ello se requiere que el USUARIO introduzca correo electr\u00f3nico (campo obligatorio), pinche en la casilla He le\u00eddo y acepto el Aviso Legal y la Pol\u00edtica de Privacidad y haga clic en el bot\u00f3n Enviar. La direcci\u00f3n de correo electr\u00f3nico del USUARIO no ser\u00e1 publicada.<\/span><\/p><p><span style=\"color: #54668e;\"><strong>Blog \u2013 Deja una respuesta:<\/strong><\/span><\/p><p><span style=\"color: #54668e;\">Finalidad: Introducir comentarios de los USUARIOS a las entradas publicadas por el PRESTADOR.<\/span><\/p><p><span style=\"color: #54668e;\">M\u00e9todo: Para ello se requiere que el USUARIO introduzca un comentario, nombre (campo obligatorio), correo electr\u00f3nico (campo obligatorio) y direcci\u00f3n url p\u00e1gina web y haga clic en el bot\u00f3n PUBLICAR COMENTARIO. La direcci\u00f3n de correo electr\u00f3nico del USUARIO no ser\u00e1 publicada.<\/span><\/p><p><span style=\"color: #54668e;\"><strong>\u00a0<\/strong><\/span><\/p><p><span style=\"color: #54668e;\"><strong>INCORPORACI\u00d3N DE DATOS PERSONALES A LOS FICHEROS DEL PRESTADOR<\/strong><\/span><\/p><p><span style=\"color: #54668e;\">De conformidad con lo establecido en el art\u00edculo 5 de la Ley Org\u00e1nica 15\/1999, de 13 de diciembre, de Protecci\u00f3n de Datos de Car\u00e1cter Personal, se informa que todos los datos personales que el usuario facilite mediante la cumplimentaci\u00f3n de los formularios electr\u00f3nicos existentes en el sitio web autoconscienciacoach.com.es o mediante el env\u00edo de mensajes de correo electr\u00f3nico a las distintas cuentas de correo electr\u00f3nico existentes bajo el dominio en Internet autoconscienciacoach.com.es incorporados y tratados en los correspondientes ficheros de datos personales titularidad del PRESTADOR, debidamente inscritos en la Agencia Espa\u00f1ola de Protecci\u00f3n de Datos, y que ser\u00e1n tratados con la finalidad de responder a su consulta o atender su petici\u00f3n de informaci\u00f3n, as\u00ed como realizar acciones de publicidad y prospecci\u00f3n comercial por medios electr\u00f3nicos de nuestros servicios que sean de inter\u00e9s para usted.<\/span><\/p><p><span style=\"color: #54668e;\">De acuerdo con lo dispuesto en el art\u00edculo 6 Ley Org\u00e1nica 15\/1999, de 13 de diciembre, de Protecci\u00f3n de Datos de Car\u00e1cter Personal, se informa al usuario que marcando la casilla de verificaci\u00f3n <em>\u201cHe le\u00eddo y acepto el Aviso Legal y la Pol\u00edtica de Privacidad\u201d<\/em>, autoriza y otorga su consentimiento expreso al PRESTADOR para que proceda al tratamiento de sus datos personales para las finalidades de datos previstas.<\/span><\/p><p><span style=\"color: #54668e;\">El usuario puede ejercer en cualquier momento la revocaci\u00f3n del consentimiento expreso al tratamiento de sus datos personales para las finalidades previstas mediante una comunicaci\u00f3n por escrito dirigido a la direcci\u00f3n postal del PRESTADOR Avda. Mare Nostrum, 2 blq 2 p 2 bajo 4 29631 Benalm\u00e1dena M\u00e1laga (Espa\u00f1a) o a trav\u00e9s de la direcci\u00f3n de correo electr\u00f3nico <a style=\"color: #54668e;\" href=\"mailto:administracion@autoconscienciacoach.com\">administracion@autoconscienciacoach.com<\/a> En ambos casos el afectado deber\u00e1 acompa\u00f1ar una prueba de identidad valida en derecho, como por ejemplo, fotocopia de su documento nacional de identidad, pasaporte u otro documento v\u00e1lido que lo identifique, indicando claramente el derecho de revocaci\u00f3n del consentimiento expreso otorgado con anterioridad que desea ejercitar.<\/span><\/p><p><span style=\"color: #54668e;\">EXACTITUD Y VERACIDAD DE LOS DATOS FACILITADOS<\/span><\/p><p><span style=\"color: #54668e;\">Si utiliza filtros de spam, por favor, a\u00f1ada todas las direcciones de correo electr\u00f3nico bajo el dominio en Internet autoconscienciacoach.com.es o a su lista de remitentes permitidos.<\/span><\/p><p><span style=\"color: #54668e;\">En todos los casos verificaremos la direcci\u00f3n de correo electr\u00f3nico facilitada por el USUARIO a trav\u00e9s de un sistema de verificaci\u00f3n.<\/span><\/p><p><span style=\"color: #54668e;\">EL sitio web autoconscienciacoach.com.es no almacena las direcciones de correo electr\u00f3nico que no hayan sido verificadas.<\/span><\/p><p><span style=\"color: #54668e;\">Los usuarios que env\u00edan informaci\u00f3n al PRESTADOR son los \u00fanicos responsables de la veracidad y correcci\u00f3n de los datos enviados, exoner\u00e1ndose de cualquier responsabilidad al respecto.<\/span><\/p><p><span style=\"color: #54668e;\">Los usuarios garantizan y responden, en cualquier caso, de la exactitud, vigencia y autenticidad de los datos personales facilitados, y se comprometen a mantenerlos debidamente actualizados.<\/span><\/p><p><span style=\"color: #54668e;\">El PRESTADOR no responde de la veracidad de las informaciones que no sean de elaboraci\u00f3n propia y de las que se indique otra fuente, por lo que tampoco asume responsabilidad alguna en cuanto a hipot\u00e9ticos perjuicios que pudieran originarse por el uso de dicha informaci\u00f3n.<\/span><\/p><p><span style=\"color: #54668e;\">Se exonera al PRESTADOR de responsabilidad ante cualquier da\u00f1o o perjuicio que pudiera sufrir los usuarios como consecuencia de errores, defectos u omisiones en la informaci\u00f3n facilitada siempre que proceda de fuentes ajenas al mismo.<\/span><\/p><p><span style=\"color: #54668e;\"><strong>EJERCICIO DE DERECHOS DE ACCESO, RECTIFICACI\u00d3N, CANCELACI\u00d3N Y OPOSICI\u00d3N<\/strong><\/span><\/p><p><span style=\"color: #54668e;\">El usuario puede ejercer en cualquier momento sus derechos de acceso, rectificaci\u00f3n, cancelaci\u00f3n y oposici\u00f3n al tratamiento de sus datos personales mediante una comunicaci\u00f3n por escrito dirigido a la direcci\u00f3n postal del PRESTADOR Avda. Mare Nostrum, 2\u00a0 blq 2 p 2 bajo 4 29631 Benalm\u00e1dena M\u00e1laga (Espa\u00f1a) o a trav\u00e9s de la direcci\u00f3n de correo electr\u00f3nico <a style=\"color: #54668e;\" href=\"mailto:administracion@autoconscienciacoach.com\">administracion@autoconscienciacoach.com<\/a> En ambos casos el afectado deber\u00e1 acompa\u00f1ar una prueba de identidad valida en derecho, como por ejemplo, fotocopia de su documento nacional de identidad, pasaporte u otro documento v\u00e1lido que lo identifique, indicando claramente el derecho que desea ejercitar.<\/span><\/p><p><span style=\"color: #54668e;\"><strong>ENV\u00cdO DE COMUNICACIONES COMERCIALES<\/strong><\/span><\/p><p><span style=\"color: #54668e;\">El usuario autoriza el env\u00edo de comunicaciones comerciales, por medios electr\u00f3nicos, relacionadas con los servicios que oferta el PRESTADOR para aut\u00f3nomos, empresas y entidades. De acuerdo con lo establecido a la Ley 34\/2002, de 11 de julio, de Servicios de la Sociedad de la Informaci\u00f3n y de Comercio Electr\u00f3nico (LSSICE), se informa al usuario que si no desea recibir comunicaciones comerciales, por medios electr\u00f3nicos, de nuestros servicios podr\u00e1 oponerse en cualquier momento al tratamiento de sus datos con fines promocionales, de manera sencilla y gratuita, enviando un correo electr\u00f3nico a la direcci\u00f3n <a style=\"color: #54668e;\" href=\"mailto:administracion@autoconscienciacoach.com.es\">administracion@autoconscienciacoach.com<\/a> indicando BAJA en el asunto del mensaje.<\/span><\/p><p><span style=\"color: #54668e;\"><strong>POL\u00cdTICA DE REDES SOCIALES<\/strong><\/span><\/p><p><span style=\"color: #54668e;\">El PRESTADOR cuenta con perfiles en las principales redes sociales de Internet. En todos los supuestos, el PRESTADOR se considera responsable del tratamiento de los datos de sus usuarios, enti\u00e9ndase tambi\u00e9n a los seguidores, suscriptores, fans, o simplemente personas que realicen comentarios o consultas por estas v\u00edas. <\/span><\/p><p><span style=\"color: #54668e;\">En tal sentido, el PRESTADOR podr\u00eda utilizar este perfil para informar a sus usuarios de noticias que considere apropiadas con la finalidad de los servicios ofrecidos, o quiz\u00e1s tambi\u00e9n podr\u00eda compartir informaci\u00f3n o art\u00edculos de actualidad publicados por otros usuarios de las redes sociales. En ninguno de los casos, el PRESTADOR utilizar\u00e1 informaci\u00f3n personal de los usuarios sin su consentimiento para tener relaciones distintas a las esperadas en cada una de las redes sociales mencionadas, en su caso se solicitar\u00e1 la conformidad del propio usuario.<\/span><\/p><p><span style=\"color: #54668e;\"><strong>ACEPTACI\u00d3N Y CONSENTIMIENTO<\/strong><\/span><\/p><p><span style=\"color: #54668e;\">Los usuarios declaran haber sido informados de las condiciones sobre protecci\u00f3n de datos de car\u00e1cter personal, aceptando y consintiendo el tratamiento de los mismos por parte del PRESTADOR en la forma prevista para cada uno de ellos y para las finalidades indicadas en la presente Pol\u00edtica de Privacidad.<\/span><\/p><p><span style=\"color: #54668e;\"><strong>CAMBIOS EN LA PRESENTE POL\u00cdTICA DE PRIVACIDAD<\/strong><\/span><\/p><p><span style=\"color: #54668e;\">El PRESTADOR se reserva el derecho a modificar la presente pol\u00edtica para adaptarla a novedades legislativas o jurisprudenciales, as\u00ed como a pr\u00e1cticas de la industria. En dichos supuestos, el PRESTADOR anunciar\u00e1 en los sitios web los cambios introducidos con razonable antelaci\u00f3n a su puesta en pr\u00e1ctica.<\/span><\/p>\t\t\t\t\t\t\t\t<\/div>\n\t\t\t\t<\/div>\n\t\t\t\t\t<\/div>\n\t\t<\/div>\n\t\t\t\t\t<\/div>\n\t\t<\/section>\n\t\t\t\t<\/div>\n\t\t","protected":false},"excerpt":{"rendered":"<p>En autoconscienciacoach.com aseguramos la total protecci\u00f3n de los datos de car\u00e1cter personal proporcionados por nuestros clientes y\/o usuarios. JULIA URBANEJA CAFFARENA, en adelante El PRESTADOR, respetar\u00e1 en todo momento la confidencialidad de los datos de los clientes y\/o usuarios, conforme a lo dispuesto en la Ley Org\u00e1nica 15\/1999, de 13 de diciembre, de Protecci\u00f3n de [&hellip;]<\/p>\n","protected":false},"author":1,"featured_media":0,"parent":0,"menu_order":0,"comment_status":"closed","ping_status":"closed","template":"","meta":{"_monsterinsights_skip_tracking":false,"_monsterinsights_sitenote_active":false,"_monsterinsights_sitenote_note":"","_monsterinsights_sitenote_category":0,"site-sidebar-layout":"default","site-content-layout":"","ast-site-content-layout":"default","site-content-style":"default","site-sidebar-style":"default","ast-global-header-display":"","ast-banner-title-visibility":"","ast-main-header-display":"","ast-hfb-above-header-display":"","ast-hfb-below-header-display":"","ast-hfb-mobile-header-display":"","site-post-title":"","ast-breadcrumbs-content":"","ast-featured-img":"","footer-sml-layout":"","ast-disable-related-posts":"","theme-transparent-header-meta":"","adv-header-id-meta":"","stick-header-meta":"","header-above-stick-meta":"","header-main-stick-meta":"","header-below-stick-meta":"","astra-migrate-meta-layouts":"default","ast-page-background-enabled":"default","ast-page-background-meta":{"desktop":{"background-color":"var(--ast-global-color-4)","background-image":"","background-repeat":"repeat","background-position":"center center","background-size":"auto","background-attachment":"scroll","background-type":"","background-media":"","overlay-type":"","overlay-color":"","overlay-opacity":"","overlay-gradient":""},"tablet":{"background-color":"","background-image":"","background-repeat":"repeat","background-position":"center center","background-size":"auto","background-attachment":"scroll","background-type":"","background-media":"","overlay-type":"","overlay-color":"","overlay-opacity":"","overlay-gradient":""},"mobile":{"background-color":"","background-image":"","background-repeat":"repeat","background-position":"center center","background-size":"auto","background-attachment":"scroll","background-type":"","background-media":"","overlay-type":"","overlay-color":"","overlay-opacity":"","overlay-gradient":""}},"ast-content-background-meta":{"desktop":{"background-color":"var(--ast-global-color-5)","background-image":"","background-repeat":"repeat","background-position":"center center","background-size":"auto","background-attachment":"scroll","background-type":"","background-media":"","overlay-type":"","overlay-color":"","overlay-opacity":"","overlay-gradient":""},"tablet":{"background-color":"var(--ast-global-color-5)","background-image":"","background-repeat":"repeat","background-position":"center center","background-size":"auto","background-attachment":"scroll","background-type":"","background-media":"","overlay-type":"","overlay-color":"","overlay-opacity":"","overlay-gradient":""},"mobile":{"background-color":"var(--ast-global-color-5)","background-image":"","background-repeat":"repeat","background-position":"center center","background-size":"auto","background-attachment":"scroll","background-type":"","background-media":"","overlay-type":"","overlay-color":"","overlay-opacity":"","overlay-gradient":""}},"footnotes":""},"class_list":["post-394","page","type-page","status-publish","hentry"],"yoast_head":"<!-- This site is optimized with the Yoast SEO plugin v27.0 - https:\/\/yoast.com\/product\/yoast-seo-wordpress\/ -->\n<title>POL\u00cdTICA DE PRIVACIDAD -<\/title>\n<meta name=\"robots\" content=\"index, follow, max-snippet:-1, max-image-preview:large, max-video-preview:-1\" \/>\n<link rel=\"canonical\" href=\"https:\/\/www.autoconscienciacoach.com\/index.php\/politica-de-privacidad\/\" \/>\n<meta property=\"og:locale\" content=\"es_ES\" \/>\n<meta property=\"og:type\" content=\"article\" \/>\n<meta property=\"og:title\" content=\"POL\u00cdTICA DE PRIVACIDAD -\" \/>\n<meta property=\"og:description\" content=\"En autoconscienciacoach.com aseguramos la total protecci\u00f3n de los datos de car\u00e1cter personal proporcionados por nuestros clientes y\/o usuarios. JULIA URBANEJA CAFFARENA, en adelante El PRESTADOR, respetar\u00e1 en todo momento la confidencialidad de los datos de los clientes y\/o usuarios, conforme a lo dispuesto en la Ley Org\u00e1nica 15\/1999, de 13 de diciembre, de Protecci\u00f3n de [&hellip;]\" \/>\n<meta property=\"og:url\" content=\"https:\/\/www.autoconscienciacoach.com\/index.php\/politica-de-privacidad\/\" \/>\n<meta property=\"article:modified_time\" content=\"2022-05-12T12:02:57+00:00\" \/>\n<meta name=\"twitter:card\" content=\"summary_large_image\" \/>\n<meta name=\"twitter:label1\" content=\"Tiempo de lectura\" \/>\n\t<meta name=\"twitter:data1\" content=\"6 minutos\" \/>\n<script type=\"application\/ld+json\" class=\"yoast-schema-graph\">{\"@context\":\"https:\/\/schema.org\",\"@graph\":[{\"@type\":\"WebPage\",\"@id\":\"https:\/\/www.autoconscienciacoach.com\/index.php\/politica-de-privacidad\/\",\"url\":\"https:\/\/www.autoconscienciacoach.com\/index.php\/politica-de-privacidad\/\",\"name\":\"POL\u00cdTICA DE PRIVACIDAD -\",\"isPartOf\":{\"@id\":\"https:\/\/www.autoconscienciacoach.com\/#website\"},\"datePublished\":\"2022-05-12T12:00:03+00:00\",\"dateModified\":\"2022-05-12T12:02:57+00:00\",\"breadcrumb\":{\"@id\":\"https:\/\/www.autoconscienciacoach.com\/index.php\/politica-de-privacidad\/#breadcrumb\"},\"inLanguage\":\"es\",\"potentialAction\":[{\"@type\":\"ReadAction\",\"target\":[\"https:\/\/www.autoconscienciacoach.com\/index.php\/politica-de-privacidad\/\"]}]},{\"@type\":\"BreadcrumbList\",\"@id\":\"https:\/\/www.autoconscienciacoach.com\/index.php\/politica-de-privacidad\/#breadcrumb\",\"itemListElement\":[{\"@type\":\"ListItem\",\"position\":1,\"name\":\"Portada\",\"item\":\"https:\/\/www.autoconscienciacoach.com\/\"},{\"@type\":\"ListItem\",\"position\":2,\"name\":\"POL\u00cdTICA DE PRIVACIDAD\"}]},{\"@type\":\"WebSite\",\"@id\":\"https:\/\/www.autoconscienciacoach.com\/#website\",\"url\":\"https:\/\/www.autoconscienciacoach.com\/\",\"name\":\"\",\"description\":\"\",\"potentialAction\":[{\"@type\":\"SearchAction\",\"target\":{\"@type\":\"EntryPoint\",\"urlTemplate\":\"https:\/\/www.autoconscienciacoach.com\/?s={search_term_string}\"},\"query-input\":{\"@type\":\"PropertyValueSpecification\",\"valueRequired\":true,\"valueName\":\"search_term_string\"}}],\"inLanguage\":\"es\"}]}<\/script>\n<!-- \/ Yoast SEO plugin. -->","yoast_head_json":{"title":"POL\u00cdTICA DE PRIVACIDAD -","robots":{"index":"index","follow":"follow","max-snippet":"max-snippet:-1","max-image-preview":"max-image-preview:large","max-video-preview":"max-video-preview:-1"},"canonical":"https:\/\/www.autoconscienciacoach.com\/index.php\/politica-de-privacidad\/","og_locale":"es_ES","og_type":"article","og_title":"POL\u00cdTICA DE PRIVACIDAD -","og_description":"En autoconscienciacoach.com aseguramos la total protecci\u00f3n de los datos de car\u00e1cter personal proporcionados por nuestros clientes y\/o usuarios. JULIA URBANEJA CAFFARENA, en adelante El PRESTADOR, respetar\u00e1 en todo momento la confidencialidad de los datos de los clientes y\/o usuarios, conforme a lo dispuesto en la Ley Org\u00e1nica 15\/1999, de 13 de diciembre, de Protecci\u00f3n de [&hellip;]","og_url":"https:\/\/www.autoconscienciacoach.com\/index.php\/politica-de-privacidad\/","article_modified_time":"2022-05-12T12:02:57+00:00","twitter_card":"summary_large_image","twitter_misc":{"Tiempo de lectura":"6 minutos"},"schema":{"@context":"https:\/\/schema.org","@graph":[{"@type":"WebPage","@id":"https:\/\/www.autoconscienciacoach.com\/index.php\/politica-de-privacidad\/","url":"https:\/\/www.autoconscienciacoach.com\/index.php\/politica-de-privacidad\/","name":"POL\u00cdTICA DE PRIVACIDAD -","isPartOf":{"@id":"https:\/\/www.autoconscienciacoach.com\/#website"},"datePublished":"2022-05-12T12:00:03+00:00","dateModified":"2022-05-12T12:02:57+00:00","breadcrumb":{"@id":"https:\/\/www.autoconscienciacoach.com\/index.php\/politica-de-privacidad\/#breadcrumb"},"inLanguage":"es","potentialAction":[{"@type":"ReadAction","target":["https:\/\/www.autoconscienciacoach.com\/index.php\/politica-de-privacidad\/"]}]},{"@type":"BreadcrumbList","@id":"https:\/\/www.autoconscienciacoach.com\/index.php\/politica-de-privacidad\/#breadcrumb","itemListElement":[{"@type":"ListItem","position":1,"name":"Portada","item":"https:\/\/www.autoconscienciacoach.com\/"},{"@type":"ListItem","position":2,"name":"POL\u00cdTICA DE PRIVACIDAD"}]},{"@type":"WebSite","@id":"https:\/\/www.autoconscienciacoach.com\/#website","url":"https:\/\/www.autoconscienciacoach.com\/","name":"","description":"","potentialAction":[{"@type":"SearchAction","target":{"@type":"EntryPoint","urlTemplate":"https:\/\/www.autoconscienciacoach.com\/?s={search_term_string}"},"query-input":{"@type":"PropertyValueSpecification","valueRequired":true,"valueName":"search_term_string"}}],"inLanguage":"es"}]}},"_links":{"self":[{"href":"https:\/\/www.autoconscienciacoach.com\/index.php\/wp-json\/wp\/v2\/pages\/394","targetHints":{"allow":["GET"]}}],"collection":[{"href":"https:\/\/www.autoconscienciacoach.com\/index.php\/wp-json\/wp\/v2\/pages"}],"about":[{"href":"https:\/\/www.autoconscienciacoach.com\/index.php\/wp-json\/wp\/v2\/types\/page"}],"author":[{"embeddable":true,"href":"https:\/\/www.autoconscienciacoach.com\/index.php\/wp-json\/wp\/v2\/users\/1"}],"replies":[{"embeddable":true,"href":"https:\/\/www.autoconscienciacoach.com\/index.php\/wp-json\/wp\/v2\/comments?post=394"}],"version-history":[{"count":5,"href":"https:\/\/www.autoconscienciacoach.com\/index.php\/wp-json\/wp\/v2\/pages\/394\/revisions"}],"predecessor-version":[{"id":399,"href":"https:\/\/www.autoconscienciacoach.com\/index.php\/wp-json\/wp\/v2\/pages\/394\/revisions\/399"}],"wp:attachment":[{"href":"https:\/\/www.autoconscienciacoach.com\/index.php\/wp-json\/wp\/v2\/media?parent=394"}],"curies":[{"name":"wp","href":"https:\/\/api.w.org\/{rel}","templated":true}]}}