{"id":400,"date":"2022-05-12T14:05:36","date_gmt":"2022-05-12T12:05:36","guid":{"rendered":"http:\/\/www.autoconscienciacoach.com\/?page_id=400"},"modified":"2022-05-12T14:33:39","modified_gmt":"2022-05-12T12:33:39","slug":"politica-de-cookies","status":"publish","type":"page","link":"https:\/\/www.autoconscienciacoach.com\/index.php\/politica-de-cookies\/","title":{"rendered":"POL\u00cdTICA DE COOKIES"},"content":{"rendered":"\t\t<div data-elementor-type=\"wp-page\" data-elementor-id=\"400\" class=\"elementor elementor-400\">\n\t\t\t\t\t\t<section class=\"elementor-section elementor-top-section elementor-element elementor-element-7a58168 elementor-section-boxed elementor-section-height-default elementor-section-height-default\" data-id=\"7a58168\" data-element_type=\"section\" data-e-type=\"section\">\n\t\t\t\t\t\t<div class=\"elementor-container elementor-column-gap-default\">\n\t\t\t\t\t<div class=\"elementor-column elementor-col-100 elementor-top-column elementor-element elementor-element-85a7bee\" data-id=\"85a7bee\" data-element_type=\"column\" data-e-type=\"column\">\n\t\t\t<div class=\"elementor-widget-wrap elementor-element-populated\">\n\t\t\t\t\t\t<div class=\"elementor-element elementor-element-2d55c1f elementor-widget elementor-widget-text-editor\" data-id=\"2d55c1f\" data-element_type=\"widget\" data-e-type=\"widget\" data-widget_type=\"text-editor.default\">\n\t\t\t\t<div class=\"elementor-widget-container\">\n\t\t\t\t\t\t\t\t\t<h1><span style=\"color: #ffc559;\">POL\u00cdTICA DE COOKIES<\/span><\/h1><p><strong><span style=\"color: #54668e;\">\u00bfQu\u00e9 es una cookie?<\/span><\/strong><\/p><p><span style=\"color: #54668e;\">Las cookies son\u00a0 ficheros que se descargan en el equipo o dispositivo (ordenador\/smartphone\/tablet) del usuario al acceder a determinadas p\u00e1ginas web y que se almacenan en la memoria del mismo. Las cookies permiten, entre otras cosas, almacenar y recuperar informaci\u00f3n sobre los h\u00e1bitos de navegaci\u00f3n del usuario o de su equipo, ver qu\u00e9 p\u00e1ginas se visitan, el tiempo de conexi\u00f3n, analizar el funcionamiento de una p\u00e1gina, si existen problemas t\u00e9cnicos, etc.\u00a0<\/span><\/p><p><strong><span style=\"color: #54668e;\">\u00bfQu\u00e9 tipos de cookies existen?<\/span><\/strong><\/p><h3>\u00a0<\/h3><p><span style=\"color: #54668e;\">Existen varios tipos de cookies en funci\u00f3n de distintos criterios:<\/span><\/p><p><span style=\"color: #54668e;\">En funci\u00f3n de la titularidad:<\/span><\/p><ul><li><span style=\"color: #54668e;\">Cookies propias. Son las que pertenecen a autoconscienciacoach.com.es<\/span><\/li><\/ul><ul><li><span style=\"color: #54668e;\">Cookies de terceros. Son aquellas cuya titularidad es de un tercero, distinto de autoconscienciacoach.com.es, que ser\u00e1 quien trate la informaci\u00f3n recabada.<\/span><\/li><\/ul><p><span style=\"color: #54668e;\">En funci\u00f3n de su finalidad:<\/span><\/p><ul><li><span style=\"color: #54668e;\">Cookies t\u00e9cnicas y\/o de personalizaci\u00f3n. Son aqu\u00e9llas que sirven para mejorar el servicio, localizar incidencias, reconocer al usuario, etc.<\/span><\/li><\/ul><ul><li><span style=\"color: #54668e;\">Cookies de an\u00e1lisis y\/o de publicidad. Son aqu\u00e9llas que sirven para analizar informaci\u00f3n sobre la navegaci\u00f3n y ofrecer publicidad, sea gen\u00e9rica o personalizada.<\/span><\/li><\/ul><h3>\u00a0<\/h3><p><strong><span style=\"color: #54668e;\">\u00bfPara qu\u00e9 sirve una cookie?<\/span><\/strong><\/p><p><span style=\"color: #54668e;\">Las cookies se utilizan para poder ofrecer al usuario servicios y\/o publicidad personalizados, para analizar el funcionamiento del sistema, reconocerle cuando accede como usuario, localizar incidencias y problemas que puedan surgir y solventarlos en el menor plazo posible, as\u00ed como analizar y medir el uso y actividad de la p\u00e1gina web.<\/span><\/p><p><span style=\"color: #54668e;\">autoconscienciacoach.com.es mediante el uso de cookies no recoge dato personal alguno.<\/span><\/p><p><strong><span style=\"color: #54668e;\">\u00bfSe necesita el consentimiento del usuario para instalar las cookies?<\/span><\/strong><\/p><p><span style=\"color: #54668e;\">No se precisa el consentimiento del usuario para la instalaci\u00f3n de cookies t\u00e9cnicas o las que sean estrictamente necesarias para la prestaci\u00f3n de un servicio de la sociedad de la informaci\u00f3n expresamente solicitado por el destinatario. Para el resto, s\u00ed se precisa del consentimiento del interesado que se puede solicitar por distintas v\u00edas. En el caso de autoconscienciacoach.com.es \u00a0se entender\u00e1 otorgado si el usuario sigue navegando en el sitio web, sin perjuicio de que en cualquier momento podr\u00e1 revocarlo y desactivar las cookies.<\/span><\/p><p><strong><span style=\"color: #54668e;\">\u00bfQu\u00e9 cookies se utilizan en autoconscienciacoach.com?<\/span><\/strong><\/p><p><span style=\"color: #54668e;\">Esta p\u00e1gina web utiliza las cookies para una serie de finalidades, incluidas:<\/span><\/p><h6><span style=\"color: #54668e;\"><strong>Cookies Propias<\/strong><\/span><\/h6><p><span style=\"color: #54668e;\"><strong>\u00a0<\/strong><\/span><\/p><p><span style=\"color: #54668e;\">Cookies de sesi\u00f3n, de identificaci\u00f3n, de configuraci\u00f3n y de registro, estrictamente necesarias para la identificaci\u00f3n del usuario y para la prestaci\u00f3n de los servicios solicitados por el usuario. La informaci\u00f3n obtenida a trav\u00e9s de las mismas es tratada \u00fanicamente por buscarpisomalaga.com<\/span><\/p><p><span style=\"color: #54668e;\"><strong>\u00a0<\/strong><\/span><\/p><p><span style=\"color: #54668e;\">Estas cookies las utilizamos para garantizar que los usuarios que escriban comentarios en el blog sean humanos y no aplicaciones automatizadas. De esta forma se combate el spam.<\/span><\/p><p><span style=\"color: #54668e;\"><strong>\u00a0<\/strong><\/span><\/p><p><span style=\"color: #54668e;\"><strong>Cookies de terceros <\/strong><\/span><\/p><p><span style=\"color: #54668e;\"><strong>\u00a0<\/strong><\/span><\/p><p><span style=\"color: #54668e;\"><strong>Google Analytics:<\/strong> El sitio web\u00a0autoconscienciacoach.com.es puede utilizar servicios de terceros que, por cuenta de autoconscienciacoach.com.es, recopilaran informaci\u00f3n con fines estad\u00edsticos, sobre el uso del sitio web por parte del usuario y para la prestaci\u00f3n de otros servicios relacionados con la actividad del sitio web y otros servicios de Internet. En particular, este sitio web utiliza Google Analytics, un servicio anal\u00edtico de web prestado por Google, Inc. con domicilio en los Estados Unidos con sede central en 1600 Amphitheatre Parkway, Mountain View, California 94043. Para la prestaci\u00f3n de estos servicios, estos utilizan cookies que recopilan la informaci\u00f3n, incluida la direcci\u00f3n IP del usuario, que ser\u00e1 transmitida, tratada y almacenada por Google en los t\u00e9rminos fijados en la web Google.com, incluyendo la posible transmisi\u00f3n de dicha informaci\u00f3n a terceros por razones de exigencia legal o cuando dichos terceros procesen la informaci\u00f3n por cuenta de Google. Duraci\u00f3n: Hasta 2 a\u00f1os.<\/span><\/p><p><span style=\"color: #54668e;\"><strong>Redes sociales: <\/strong>Cada red social utiliza sus propias cookies para que usted pueda pinchar en botones del tipo Me gusta o Compartir.<\/span><\/p><p><span style=\"color: #54668e;\">El detalle de las cookies utilizadas en esta p\u00e1gina web es el siguiente:<\/span><\/p><table><tbody><tr><td width=\"58\"><p><span style=\"color: #54668e;\"><strong>Cookies<\/strong><\/span><\/p><\/td><td width=\"63\"><p><span style=\"color: #54668e;\"><strong>Nombre<\/strong><\/span><\/p><\/td><td width=\"57\"><p><span style=\"color: #54668e;\"><strong>Tipo<\/strong><\/span><\/p><\/td><td width=\"213\"><p><span style=\"color: #54668e;\"><strong>Prop\u00f3sito<\/strong><\/span><\/p><\/td><td width=\"183\"><p><span style=\"color: #54668e;\"><strong>M\u00e1s informaci\u00f3n<\/strong><\/span><\/p><\/td><\/tr><tr><td width=\"58\"><p><span style=\"color: #54668e;\">__utma __utmb __utmc __utmz _ga _gat<\/span><\/p><\/td><td width=\"63\"><p><span style=\"color: #54668e;\">Google Analytics<\/span><\/p><\/td><td width=\"57\"><p><span style=\"color: #54668e;\">De terceros<\/span><\/p><\/td><td width=\"213\"><p><span style=\"color: #54668e;\">Recoger informaci\u00f3n sobre la navegaci\u00f3n de los usuarios por el sitio con el fin de conocer el origen de las visitas y otros datos similares a nivel estad\u00edstico. No obtiene datos de los nombres o apellidos de los usuarios ni de la direcci\u00f3n postal concreta desde donde se conectan.<\/span><\/p><\/td><td width=\"183\"><p><span style=\"color: #54668e;\">Google Analytics Centro de privacidad de Google: <a style=\"color: #54668e;\" href=\"http:\/\/www.google.com\/intl\/es\/policies\/privacy\">http:\/\/www.google.com\/intl\/es\/policies\/privacy<\/a><\/span><\/p><\/td><\/tr><\/tbody><\/table><p><span style=\"color: #54668e;\">Nota: Las cookies de tipo &#8216;Propias&#8217; son utilizadas s\u00f3lo por el propietario de esta web y las cookies &#8216;De terceros&#8217; son utilizadas, por el prestador del servicio que est\u00e1 detallado en el cuadro anterior.<\/span><\/p><p><span style=\"color: #54668e;\"><strong>Modificar la configuraci\u00f3n<\/strong><\/span><\/p><p><span style=\"color: #54668e;\">El usuario puede permitir, bloquear o eliminar las cookies instaladas en su equipo mediante la configuraci\u00f3n de las opciones del navegador instalado en su dispositivo.<\/span><\/p><p><span style=\"color: #54668e;\">Por favor, consulte las instrucciones y manuales de su navegador. Puede ampliar esta informaci\u00f3n en:<\/span><\/p><p><span style=\"color: #54668e;\"><strong>Firefox<\/strong><\/span><\/p><p><span style=\"color: #54668e;\"><a style=\"color: #54668e;\" href=\"http:\/\/support.mozilla.org\/es\/kb\/habilitar-y-deshabilitar-cookies-que-los-sitios-we\">http:\/\/support.mozilla.org\/es\/kb\/habilitar-y-deshabilitar-cookies-que-los-sitios-we<\/a><\/span><\/p><p><span style=\"color: #54668e;\"><strong>\u00a0<\/strong><\/span><\/p><p><span style=\"color: #54668e;\"><strong>Chrome<\/strong><\/span><\/p><p><span style=\"color: #54668e;\"><a style=\"color: #54668e;\" href=\"http:\/\/support.google.com\/chrome\/bin\/answer.py?hl=es&amp;answer=95647\">http:\/\/support.google.com\/chrome\/bin\/answer.py?hl=es&amp;answer=95647<\/a><\/span><\/p><p><span style=\"color: #54668e;\"><strong>\u00a0<\/strong><\/span><\/p><p><span style=\"color: #54668e;\"><strong>Explorer<\/strong><\/span><\/p><p><span style=\"color: #54668e;\"><a style=\"color: #54668e;\" href=\"http:\/\/windows.microsoft.com\/es-es\/windows7\/how-to-manage-cookies-in-internet-explorer-9\">http:\/\/windows.microsoft.com\/es-es\/windows7\/how-to-manage-cookies-in-internet-explorer-9<\/a><\/span><\/p><p><span style=\"color: #54668e;\"><strong>\u00a0<\/strong><\/span><\/p><p><span style=\"color: #54668e;\"><strong>Safari<\/strong><\/span><\/p><p><span style=\"color: #54668e;\"><a style=\"color: #54668e;\" href=\"http:\/\/support.apple.com\/kb\/ph5042\">http:\/\/support.apple.com\/kb\/ph5042<\/a><\/span><\/p><p><span style=\"color: #54668e;\"><strong>\u00a0<\/strong><\/span><\/p><p><span style=\"color: #54668e;\"><strong>Opera<\/strong><\/span><\/p><p><span style=\"color: #54668e;\"><a style=\"color: #54668e;\" href=\"http:\/\/help.opera.com\/Windows\/11.50\/es-ES\/cookies.html\">http:\/\/help.opera.com\/Windows\/11.50\/es-ES\/cookies.html<\/a><\/span><\/p><p><span style=\"color: #54668e;\"><strong>\u00a0<\/strong><\/span><\/p><p><span style=\"color: #54668e;\"><strong>Otros navegadores<\/strong><\/span><\/p><p><span style=\"color: #54668e;\">Consulte la documentaci\u00f3n del navegador que tenga instalado.<\/span><\/p><p><span style=\"color: #54668e;\"><strong>\u00a0<\/strong><\/span><\/p><p><span style=\"color: #54668e;\"><strong>Complemento de inhabilitaci\u00f3n para navegadores de Google Analytics<\/strong><\/span><\/p><p><span style=\"color: #54668e;\"><strong>\u00a0<\/strong><\/span><\/p><p><span style=\"color: #54668e;\">Si desea rechazar las cookies anal\u00edticas de Google Analytics en todos los navegadores, de forma que no se env\u00ede informaci\u00f3n suya a Google Analytics, puede descargar un complemento que realiza esta funci\u00f3n desde este enlace: <a style=\"color: #54668e;\" href=\"https:\/\/tools.google.com\/dlpage\/gaoptout\">https:\/\/tools.google.com\/dlpage\/gaoptout<\/a><\/span><\/p>\t\t\t\t\t\t\t\t<\/div>\n\t\t\t\t<\/div>\n\t\t\t\t\t<\/div>\n\t\t<\/div>\n\t\t\t\t\t<\/div>\n\t\t<\/section>\n\t\t\t\t<\/div>\n\t\t","protected":false},"excerpt":{"rendered":"<p>POL\u00cdTICA DE COOKIES \u00bfQu\u00e9 es una cookie? Las cookies son\u00a0 ficheros que se descargan en el equipo o dispositivo (ordenador\/smartphone\/tablet) del usuario al acceder a determinadas p\u00e1ginas web y que se almacenan en la memoria del mismo. Las cookies permiten, entre otras cosas, almacenar y recuperar informaci\u00f3n sobre los h\u00e1bitos de navegaci\u00f3n del usuario o [&hellip;]<\/p>\n","protected":false},"author":1,"featured_media":0,"parent":0,"menu_order":0,"comment_status":"closed","ping_status":"closed","template":"elementor_header_footer","meta":{"_monsterinsights_skip_tracking":false,"_monsterinsights_sitenote_active":false,"_monsterinsights_sitenote_note":"","_monsterinsights_sitenote_category":0,"site-sidebar-layout":"default","site-content-layout":"","ast-site-content-layout":"default","site-content-style":"default","site-sidebar-style":"default","ast-global-header-display":"","ast-banner-title-visibility":"","ast-main-header-display":"","ast-hfb-above-header-display":"","ast-hfb-below-header-display":"","ast-hfb-mobile-header-display":"","site-post-title":"","ast-breadcrumbs-content":"","ast-featured-img":"","footer-sml-layout":"","ast-disable-related-posts":"","theme-transparent-header-meta":"","adv-header-id-meta":"","stick-header-meta":"","header-above-stick-meta":"","header-main-stick-meta":"","header-below-stick-meta":"","astra-migrate-meta-layouts":"default","ast-page-background-enabled":"default","ast-page-background-meta":{"desktop":{"background-color":"var(--ast-global-color-4)","background-image":"","background-repeat":"repeat","background-position":"center center","background-size":"auto","background-attachment":"scroll","background-type":"","background-media":"","overlay-type":"","overlay-color":"","overlay-opacity":"","overlay-gradient":""},"tablet":{"background-color":"","background-image":"","background-repeat":"repeat","background-position":"center center","background-size":"auto","background-attachment":"scroll","background-type":"","background-media":"","overlay-type":"","overlay-color":"","overlay-opacity":"","overlay-gradient":""},"mobile":{"background-color":"","background-image":"","background-repeat":"repeat","background-position":"center center","background-size":"auto","background-attachment":"scroll","background-type":"","background-media":"","overlay-type":"","overlay-color":"","overlay-opacity":"","overlay-gradient":""}},"ast-content-background-meta":{"desktop":{"background-color":"var(--ast-global-color-5)","background-image":"","background-repeat":"repeat","background-position":"center center","background-size":"auto","background-attachment":"scroll","background-type":"","background-media":"","overlay-type":"","overlay-color":"","overlay-opacity":"","overlay-gradient":""},"tablet":{"background-color":"var(--ast-global-color-5)","background-image":"","background-repeat":"repeat","background-position":"center center","background-size":"auto","background-attachment":"scroll","background-type":"","background-media":"","overlay-type":"","overlay-color":"","overlay-opacity":"","overlay-gradient":""},"mobile":{"background-color":"var(--ast-global-color-5)","background-image":"","background-repeat":"repeat","background-position":"center center","background-size":"auto","background-attachment":"scroll","background-type":"","background-media":"","overlay-type":"","overlay-color":"","overlay-opacity":"","overlay-gradient":""}},"footnotes":""},"class_list":["post-400","page","type-page","status-publish","hentry"],"yoast_head":"<!-- This site is optimized with the Yoast SEO plugin v27.0 - https:\/\/yoast.com\/product\/yoast-seo-wordpress\/ -->\n<title>POL\u00cdTICA DE COOKIES -<\/title>\n<meta name=\"robots\" content=\"index, follow, max-snippet:-1, max-image-preview:large, max-video-preview:-1\" \/>\n<link rel=\"canonical\" href=\"https:\/\/www.autoconscienciacoach.com\/index.php\/politica-de-cookies\/\" \/>\n<meta property=\"og:locale\" content=\"es_ES\" \/>\n<meta property=\"og:type\" content=\"article\" \/>\n<meta property=\"og:title\" content=\"POL\u00cdTICA DE COOKIES -\" \/>\n<meta property=\"og:description\" content=\"POL\u00cdTICA DE COOKIES \u00bfQu\u00e9 es una cookie? Las cookies son\u00a0 ficheros que se descargan en el equipo o dispositivo (ordenador\/smartphone\/tablet) del usuario al acceder a determinadas p\u00e1ginas web y que se almacenan en la memoria del mismo. Las cookies permiten, entre otras cosas, almacenar y recuperar informaci\u00f3n sobre los h\u00e1bitos de navegaci\u00f3n del usuario o [&hellip;]\" \/>\n<meta property=\"og:url\" content=\"https:\/\/www.autoconscienciacoach.com\/index.php\/politica-de-cookies\/\" \/>\n<meta property=\"article:modified_time\" content=\"2022-05-12T12:33:39+00:00\" \/>\n<meta name=\"twitter:card\" content=\"summary_large_image\" \/>\n<meta name=\"twitter:label1\" content=\"Tiempo de lectura\" \/>\n\t<meta name=\"twitter:data1\" content=\"4 minutos\" \/>\n<script type=\"application\/ld+json\" class=\"yoast-schema-graph\">{\"@context\":\"https:\/\/schema.org\",\"@graph\":[{\"@type\":\"WebPage\",\"@id\":\"https:\/\/www.autoconscienciacoach.com\/index.php\/politica-de-cookies\/\",\"url\":\"https:\/\/www.autoconscienciacoach.com\/index.php\/politica-de-cookies\/\",\"name\":\"POL\u00cdTICA DE COOKIES -\",\"isPartOf\":{\"@id\":\"https:\/\/www.autoconscienciacoach.com\/#website\"},\"datePublished\":\"2022-05-12T12:05:36+00:00\",\"dateModified\":\"2022-05-12T12:33:39+00:00\",\"breadcrumb\":{\"@id\":\"https:\/\/www.autoconscienciacoach.com\/index.php\/politica-de-cookies\/#breadcrumb\"},\"inLanguage\":\"es\",\"potentialAction\":[{\"@type\":\"ReadAction\",\"target\":[\"https:\/\/www.autoconscienciacoach.com\/index.php\/politica-de-cookies\/\"]}]},{\"@type\":\"BreadcrumbList\",\"@id\":\"https:\/\/www.autoconscienciacoach.com\/index.php\/politica-de-cookies\/#breadcrumb\",\"itemListElement\":[{\"@type\":\"ListItem\",\"position\":1,\"name\":\"Portada\",\"item\":\"https:\/\/www.autoconscienciacoach.com\/\"},{\"@type\":\"ListItem\",\"position\":2,\"name\":\"POL\u00cdTICA DE COOKIES\"}]},{\"@type\":\"WebSite\",\"@id\":\"https:\/\/www.autoconscienciacoach.com\/#website\",\"url\":\"https:\/\/www.autoconscienciacoach.com\/\",\"name\":\"\",\"description\":\"\",\"potentialAction\":[{\"@type\":\"SearchAction\",\"target\":{\"@type\":\"EntryPoint\",\"urlTemplate\":\"https:\/\/www.autoconscienciacoach.com\/?s={search_term_string}\"},\"query-input\":{\"@type\":\"PropertyValueSpecification\",\"valueRequired\":true,\"valueName\":\"search_term_string\"}}],\"inLanguage\":\"es\"}]}<\/script>\n<!-- \/ Yoast SEO plugin. -->","yoast_head_json":{"title":"POL\u00cdTICA DE COOKIES -","robots":{"index":"index","follow":"follow","max-snippet":"max-snippet:-1","max-image-preview":"max-image-preview:large","max-video-preview":"max-video-preview:-1"},"canonical":"https:\/\/www.autoconscienciacoach.com\/index.php\/politica-de-cookies\/","og_locale":"es_ES","og_type":"article","og_title":"POL\u00cdTICA DE COOKIES -","og_description":"POL\u00cdTICA DE COOKIES \u00bfQu\u00e9 es una cookie? Las cookies son\u00a0 ficheros que se descargan en el equipo o dispositivo (ordenador\/smartphone\/tablet) del usuario al acceder a determinadas p\u00e1ginas web y que se almacenan en la memoria del mismo. Las cookies permiten, entre otras cosas, almacenar y recuperar informaci\u00f3n sobre los h\u00e1bitos de navegaci\u00f3n del usuario o [&hellip;]","og_url":"https:\/\/www.autoconscienciacoach.com\/index.php\/politica-de-cookies\/","article_modified_time":"2022-05-12T12:33:39+00:00","twitter_card":"summary_large_image","twitter_misc":{"Tiempo de lectura":"4 minutos"},"schema":{"@context":"https:\/\/schema.org","@graph":[{"@type":"WebPage","@id":"https:\/\/www.autoconscienciacoach.com\/index.php\/politica-de-cookies\/","url":"https:\/\/www.autoconscienciacoach.com\/index.php\/politica-de-cookies\/","name":"POL\u00cdTICA DE COOKIES -","isPartOf":{"@id":"https:\/\/www.autoconscienciacoach.com\/#website"},"datePublished":"2022-05-12T12:05:36+00:00","dateModified":"2022-05-12T12:33:39+00:00","breadcrumb":{"@id":"https:\/\/www.autoconscienciacoach.com\/index.php\/politica-de-cookies\/#breadcrumb"},"inLanguage":"es","potentialAction":[{"@type":"ReadAction","target":["https:\/\/www.autoconscienciacoach.com\/index.php\/politica-de-cookies\/"]}]},{"@type":"BreadcrumbList","@id":"https:\/\/www.autoconscienciacoach.com\/index.php\/politica-de-cookies\/#breadcrumb","itemListElement":[{"@type":"ListItem","position":1,"name":"Portada","item":"https:\/\/www.autoconscienciacoach.com\/"},{"@type":"ListItem","position":2,"name":"POL\u00cdTICA DE COOKIES"}]},{"@type":"WebSite","@id":"https:\/\/www.autoconscienciacoach.com\/#website","url":"https:\/\/www.autoconscienciacoach.com\/","name":"","description":"","potentialAction":[{"@type":"SearchAction","target":{"@type":"EntryPoint","urlTemplate":"https:\/\/www.autoconscienciacoach.com\/?s={search_term_string}"},"query-input":{"@type":"PropertyValueSpecification","valueRequired":true,"valueName":"search_term_string"}}],"inLanguage":"es"}]}},"_links":{"self":[{"href":"https:\/\/www.autoconscienciacoach.com\/index.php\/wp-json\/wp\/v2\/pages\/400","targetHints":{"allow":["GET"]}}],"collection":[{"href":"https:\/\/www.autoconscienciacoach.com\/index.php\/wp-json\/wp\/v2\/pages"}],"about":[{"href":"https:\/\/www.autoconscienciacoach.com\/index.php\/wp-json\/wp\/v2\/types\/page"}],"author":[{"embeddable":true,"href":"https:\/\/www.autoconscienciacoach.com\/index.php\/wp-json\/wp\/v2\/users\/1"}],"replies":[{"embeddable":true,"href":"https:\/\/www.autoconscienciacoach.com\/index.php\/wp-json\/wp\/v2\/comments?post=400"}],"version-history":[{"count":10,"href":"https:\/\/www.autoconscienciacoach.com\/index.php\/wp-json\/wp\/v2\/pages\/400\/revisions"}],"predecessor-version":[{"id":418,"href":"https:\/\/www.autoconscienciacoach.com\/index.php\/wp-json\/wp\/v2\/pages\/400\/revisions\/418"}],"wp:attachment":[{"href":"https:\/\/www.autoconscienciacoach.com\/index.php\/wp-json\/wp\/v2\/media?parent=400"}],"curies":[{"name":"wp","href":"https:\/\/api.w.org\/{rel}","templated":true}]}}